{"id":131,"date":"2024-08-05T20:26:02","date_gmt":"2024-08-05T20:26:02","guid":{"rendered":"https:\/\/esh-nachhilfe.de\/?page_id=131"},"modified":"2024-08-25T19:57:39","modified_gmt":"2024-08-25T19:57:39","slug":"anmeldung","status":"publish","type":"page","link":"https:\/\/esh-nachhilfe.de\/?page_id=131","title":{"rendered":"Anmeldung"},"content":{"rendered":"\n<div class=\"wp-block-group extra-padding rounded bordered is-layout-constrained wp-container-core-group-is-layout-5dcda3a7 wp-block-group-is-layout-constrained\"><div class=\"wpforms-container wpforms-container-full wpforms-block wpforms-block-3b501042-3a33-46e9-b94e-afbf799967d6 wpforms-render-modern\" id=\"wpforms-212\"><form id=\"wpforms-form-212\" class=\"wpforms-validate wpforms-form wpforms-ajax-form\" data-formid=\"212\" method=\"post\" enctype=\"multipart\/form-data\" action=\"\/index.php?rest_route=%2Fwp%2Fv2%2Fpages%2F131\" data-token=\"5d75c667fd28be83ae4c3cd6e10bc96f\" data-token-time=\"1775895963\"><noscript class=\"wpforms-error-noscript\">Bu formu bitirebilmek i\u00e7in taray\u0131c\u0131n\u0131zda JavaScript&#039;i etkinle\u015ftirin.<\/noscript><div id=\"wpforms-error-noscript\" style=\"display: none;\">Bu formu bitirebilmek i\u00e7in taray\u0131c\u0131n\u0131zda JavaScript&#039;i etkinle\u015ftirin.<\/div><div class=\"wpforms-field-container\"><div id=\"wpforms-212-field_1-container\" class=\"wpforms-field wpforms-field-name\" data-field-id=\"1\"><label class=\"wpforms-field-label\" for=\"wpforms-212-field_1\">Vor- und Nachname <span class=\"wpforms-required-label\" aria-hidden=\"true\">*<\/span><\/label><input type=\"text\" id=\"wpforms-212-field_1\" class=\"wpforms-field-medium wpforms-field-required\" name=\"wpforms[fields][1]\" aria-errormessage=\"wpforms-212-field_1-error\" required><\/div><div id=\"wpforms-212-field_4-container\" class=\"wpforms-field wpforms-field-radio\" data-field-id=\"4\"><fieldset><legend class=\"wpforms-field-label\">Klassenstufe<\/legend><ul id=\"wpforms-212-field_4\"><li class=\"choice-1 depth-1\"><input type=\"radio\" id=\"wpforms-212-field_4_1\" name=\"wpforms[fields][4]\" value=\"Schule\" aria-errormessage=\"wpforms-212-field_4_1-error\"  ><label class=\"wpforms-field-label-inline\" for=\"wpforms-212-field_4_1\">Schule<\/label><\/li><li class=\"choice-2 depth-1\"><input type=\"radio\" id=\"wpforms-212-field_4_2\" name=\"wpforms[fields][4]\" value=\"Ausbildung\" aria-errormessage=\"wpforms-212-field_4_2-error\"  ><label class=\"wpforms-field-label-inline\" for=\"wpforms-212-field_4_2\">Ausbildung<\/label><\/li><li class=\"choice-3 depth-1\"><input type=\"radio\" id=\"wpforms-212-field_4_3\" name=\"wpforms[fields][4]\" value=\"Weiterbildung\" aria-errormessage=\"wpforms-212-field_4_3-error\"  ><label class=\"wpforms-field-label-inline\" for=\"wpforms-212-field_4_3\">Weiterbildung<\/label><\/li><\/ul><\/fieldset><\/div>\t\t<div id=\"wpforms-212-field_6-container\"\n\t\t\tclass=\"wpforms-field wpforms-field-text\"\n\t\t\tdata-field-type=\"text\"\n\t\t\tdata-field-id=\"6\"\n\t\t\t>\n\t\t\t<label class=\"wpforms-field-label\" for=\"wpforms-212-field_6\" >Telefonnummer und Nachricht<\/label>\n\t\t\t<input type=\"text\" id=\"wpforms-212-field_6\" class=\"wpforms-field-medium\" name=\"wpforms[fields][6]\" >\n\t\t<\/div>\n\t\t<div id=\"wpforms-212-field_5-container\" class=\"wpforms-field wpforms-field-text\" data-field-id=\"5\"><label class=\"wpforms-field-label\" for=\"wpforms-212-field_5\">Telefonnummer<\/label><input type=\"text\" id=\"wpforms-212-field_5\" class=\"wpforms-field-medium\" name=\"wpforms[fields][5]\" aria-errormessage=\"wpforms-212-field_5-error\" ><\/div><div id=\"wpforms-212-field_2-container\" class=\"wpforms-field wpforms-field-email\" data-field-id=\"2\"><label class=\"wpforms-field-label\" for=\"wpforms-212-field_2\">E-mail <span class=\"wpforms-required-label\" aria-hidden=\"true\">*<\/span><\/label><input type=\"email\" id=\"wpforms-212-field_2\" class=\"wpforms-field-medium wpforms-field-required\" name=\"wpforms[fields][2]\" spellcheck=\"false\" aria-errormessage=\"wpforms-212-field_2-error\" required><\/div><div id=\"wpforms-212-field_3-container\" class=\"wpforms-field wpforms-field-textarea\" data-field-id=\"3\"><label class=\"wpforms-field-label\" for=\"wpforms-212-field_3\">Ihre Nachricht <span class=\"wpforms-required-label\" aria-hidden=\"true\">*<\/span><\/label><textarea id=\"wpforms-212-field_3\" class=\"wpforms-field-medium wpforms-field-required\" name=\"wpforms[fields][3]\" aria-errormessage=\"wpforms-212-field_3-error\" required><\/textarea><\/div><script>\n\t\t\t\t( function() {\n\t\t\t\t\tconst style = document.createElement( 'style' );\n\t\t\t\t\tstyle.appendChild( document.createTextNode( '#wpforms-212-field_6-container { position: absolute !important; overflow: hidden !important; display: inline !important; height: 1px !important; width: 1px !important; z-index: -1000 !important; padding: 0 !important; } #wpforms-212-field_6-container input { visibility: hidden; } #wpforms-conversational-form-page #wpforms-212-field_6-container label { counter-increment: none; }' ) );\n\t\t\t\t\tdocument.head.appendChild( style );\n\t\t\t\t\tdocument.currentScript?.remove();\n\t\t\t\t} )();\n\t\t\t<\/script><\/div><!-- .wpforms-field-container --><div class=\"wpforms-submit-container\" ><input type=\"hidden\" name=\"wpforms[id]\" value=\"212\"><input type=\"hidden\" name=\"page_title\" value=\"\"><input type=\"hidden\" name=\"page_url\" value=\"https:\/\/esh-nachhilfe.de\/index.php?rest_route=\/wp\/v2\/pages\/131\"><input type=\"hidden\" name=\"url_referer\" value=\"\"><button type=\"submit\" name=\"wpforms[submit]\" id=\"wpforms-submit-212\" class=\"wpforms-submit\" data-alt-text=\"Wird gesendet...\" data-submit-text=\"Senden\" aria-live=\"assertive\" value=\"wpforms-submit\">Senden<\/button><img loading=\"lazy\" decoding=\"async\" src=\"https:\/\/esh-nachhilfe.de\/wp-content\/plugins\/wpforms-lite\/assets\/images\/submit-spin.svg\" class=\"wpforms-submit-spinner\" style=\"display: none;\" width=\"26\" height=\"26\" alt=\"Y\u00fckleniyor\"><\/div><\/form><\/div>  <!-- .wpforms-container --><\/div>\n","protected":false},"excerpt":{"rendered":"","protected":false},"author":1,"featured_media":0,"parent":0,"menu_order":0,"comment_status":"closed","ping_status":"closed","template":"","meta":{"footnotes":""},"class_list":["post-131","page","type-page","status-publish","hentry","no-post-thumbnail"],"yoast_head":"<!-- This site is optimized with the Yoast SEO plugin v27.3 - https:\/\/yoast.com\/product\/yoast-seo-wordpress\/ -->\n<title>Anmeldung - Esh-Nachhilfe<\/title>\n<meta name=\"robots\" content=\"index, follow, max-snippet:-1, max-image-preview:large, max-video-preview:-1\" \/>\n<link rel=\"canonical\" href=\"https:\/\/esh-nachhilfe.de\/?page_id=131\" \/>\n<meta property=\"og:locale\" content=\"tr_TR\" \/>\n<meta property=\"og:type\" content=\"article\" \/>\n<meta property=\"og:title\" content=\"Anmeldung - Esh-Nachhilfe\" \/>\n<meta property=\"og:url\" content=\"https:\/\/esh-nachhilfe.de\/?page_id=131\" \/>\n<meta property=\"og:site_name\" content=\"Esh-Nachhilfe\" \/>\n<meta property=\"article:modified_time\" content=\"2024-08-25T19:57:39+00:00\" \/>\n<meta name=\"twitter:card\" content=\"summary_large_image\" \/>\n<script type=\"application\/ld+json\" class=\"yoast-schema-graph\">{\"@context\":\"https:\\\/\\\/schema.org\",\"@graph\":[{\"@type\":\"WebPage\",\"@id\":\"https:\\\/\\\/esh-nachhilfe.de\\\/?page_id=131\",\"url\":\"https:\\\/\\\/esh-nachhilfe.de\\\/?page_id=131\",\"name\":\"Anmeldung - Esh-Nachhilfe\",\"isPartOf\":{\"@id\":\"https:\\\/\\\/esh-nachhilfe.de\\\/#website\"},\"datePublished\":\"2024-08-05T20:26:02+00:00\",\"dateModified\":\"2024-08-25T19:57:39+00:00\",\"breadcrumb\":{\"@id\":\"https:\\\/\\\/esh-nachhilfe.de\\\/?page_id=131#breadcrumb\"},\"inLanguage\":\"tr\",\"potentialAction\":[{\"@type\":\"ReadAction\",\"target\":[\"https:\\\/\\\/esh-nachhilfe.de\\\/?page_id=131\"]}]},{\"@type\":\"BreadcrumbList\",\"@id\":\"https:\\\/\\\/esh-nachhilfe.de\\\/?page_id=131#breadcrumb\",\"itemListElement\":[{\"@type\":\"ListItem\",\"position\":1,\"name\":\"Anasayfa\",\"item\":\"https:\\\/\\\/esh-nachhilfe.de\\\/\"},{\"@type\":\"ListItem\",\"position\":2,\"name\":\"Anmeldung\"}]},{\"@type\":\"WebSite\",\"@id\":\"https:\\\/\\\/esh-nachhilfe.de\\\/#website\",\"url\":\"https:\\\/\\\/esh-nachhilfe.de\\\/\",\"name\":\"Esh-Nachhilfe\",\"description\":\"Individuelle Unterst\u00fctzung f\u00fcr Ihren Erfolg\",\"publisher\":{\"@id\":\"https:\\\/\\\/esh-nachhilfe.de\\\/#organization\"},\"potentialAction\":[{\"@type\":\"SearchAction\",\"target\":{\"@type\":\"EntryPoint\",\"urlTemplate\":\"https:\\\/\\\/esh-nachhilfe.de\\\/?s={search_term_string}\"},\"query-input\":{\"@type\":\"PropertyValueSpecification\",\"valueRequired\":true,\"valueName\":\"search_term_string\"}}],\"inLanguage\":\"tr\"},{\"@type\":\"Organization\",\"@id\":\"https:\\\/\\\/esh-nachhilfe.de\\\/#organization\",\"name\":\"Esh-Nachhilfe\",\"url\":\"https:\\\/\\\/esh-nachhilfe.de\\\/\",\"logo\":{\"@type\":\"ImageObject\",\"inLanguage\":\"tr\",\"@id\":\"https:\\\/\\\/esh-nachhilfe.de\\\/#\\\/schema\\\/logo\\\/image\\\/\",\"url\":\"https:\\\/\\\/esh-nachhilfe.de\\\/wp-content\\\/uploads\\\/2024\\\/08\\\/cropped-zalif-1-1.jpg\",\"contentUrl\":\"https:\\\/\\\/esh-nachhilfe.de\\\/wp-content\\\/uploads\\\/2024\\\/08\\\/cropped-zalif-1-1.jpg\",\"width\":589,\"height\":342,\"caption\":\"Esh-Nachhilfe\"},\"image\":{\"@id\":\"https:\\\/\\\/esh-nachhilfe.de\\\/#\\\/schema\\\/logo\\\/image\\\/\"}}]}<\/script>\n<!-- \/ Yoast SEO plugin. -->","yoast_head_json":{"title":"Anmeldung - Esh-Nachhilfe","robots":{"index":"index","follow":"follow","max-snippet":"max-snippet:-1","max-image-preview":"max-image-preview:large","max-video-preview":"max-video-preview:-1"},"canonical":"https:\/\/esh-nachhilfe.de\/?page_id=131","og_locale":"tr_TR","og_type":"article","og_title":"Anmeldung - Esh-Nachhilfe","og_url":"https:\/\/esh-nachhilfe.de\/?page_id=131","og_site_name":"Esh-Nachhilfe","article_modified_time":"2024-08-25T19:57:39+00:00","twitter_card":"summary_large_image","schema":{"@context":"https:\/\/schema.org","@graph":[{"@type":"WebPage","@id":"https:\/\/esh-nachhilfe.de\/?page_id=131","url":"https:\/\/esh-nachhilfe.de\/?page_id=131","name":"Anmeldung - Esh-Nachhilfe","isPartOf":{"@id":"https:\/\/esh-nachhilfe.de\/#website"},"datePublished":"2024-08-05T20:26:02+00:00","dateModified":"2024-08-25T19:57:39+00:00","breadcrumb":{"@id":"https:\/\/esh-nachhilfe.de\/?page_id=131#breadcrumb"},"inLanguage":"tr","potentialAction":[{"@type":"ReadAction","target":["https:\/\/esh-nachhilfe.de\/?page_id=131"]}]},{"@type":"BreadcrumbList","@id":"https:\/\/esh-nachhilfe.de\/?page_id=131#breadcrumb","itemListElement":[{"@type":"ListItem","position":1,"name":"Anasayfa","item":"https:\/\/esh-nachhilfe.de\/"},{"@type":"ListItem","position":2,"name":"Anmeldung"}]},{"@type":"WebSite","@id":"https:\/\/esh-nachhilfe.de\/#website","url":"https:\/\/esh-nachhilfe.de\/","name":"Esh-Nachhilfe","description":"Individuelle Unterst\u00fctzung f\u00fcr Ihren Erfolg","publisher":{"@id":"https:\/\/esh-nachhilfe.de\/#organization"},"potentialAction":[{"@type":"SearchAction","target":{"@type":"EntryPoint","urlTemplate":"https:\/\/esh-nachhilfe.de\/?s={search_term_string}"},"query-input":{"@type":"PropertyValueSpecification","valueRequired":true,"valueName":"search_term_string"}}],"inLanguage":"tr"},{"@type":"Organization","@id":"https:\/\/esh-nachhilfe.de\/#organization","name":"Esh-Nachhilfe","url":"https:\/\/esh-nachhilfe.de\/","logo":{"@type":"ImageObject","inLanguage":"tr","@id":"https:\/\/esh-nachhilfe.de\/#\/schema\/logo\/image\/","url":"https:\/\/esh-nachhilfe.de\/wp-content\/uploads\/2024\/08\/cropped-zalif-1-1.jpg","contentUrl":"https:\/\/esh-nachhilfe.de\/wp-content\/uploads\/2024\/08\/cropped-zalif-1-1.jpg","width":589,"height":342,"caption":"Esh-Nachhilfe"},"image":{"@id":"https:\/\/esh-nachhilfe.de\/#\/schema\/logo\/image\/"}}]}},"_links":{"self":[{"href":"https:\/\/esh-nachhilfe.de\/index.php?rest_route=\/wp\/v2\/pages\/131","targetHints":{"allow":["GET"]}}],"collection":[{"href":"https:\/\/esh-nachhilfe.de\/index.php?rest_route=\/wp\/v2\/pages"}],"about":[{"href":"https:\/\/esh-nachhilfe.de\/index.php?rest_route=\/wp\/v2\/types\/page"}],"author":[{"embeddable":true,"href":"https:\/\/esh-nachhilfe.de\/index.php?rest_route=\/wp\/v2\/users\/1"}],"replies":[{"embeddable":true,"href":"https:\/\/esh-nachhilfe.de\/index.php?rest_route=%2Fwp%2Fv2%2Fcomments&post=131"}],"version-history":[{"count":5,"href":"https:\/\/esh-nachhilfe.de\/index.php?rest_route=\/wp\/v2\/pages\/131\/revisions"}],"predecessor-version":[{"id":232,"href":"https:\/\/esh-nachhilfe.de\/index.php?rest_route=\/wp\/v2\/pages\/131\/revisions\/232"}],"wp:attachment":[{"href":"https:\/\/esh-nachhilfe.de\/index.php?rest_route=%2Fwp%2Fv2%2Fmedia&parent=131"}],"curies":[{"name":"wp","href":"https:\/\/api.w.org\/{rel}","templated":true}]}}