{"id":12,"date":"2024-07-21T21:10:59","date_gmt":"2024-07-21T21:10:59","guid":{"rendered":"https:\/\/esh-nachhilfe.de\/?page_id=12"},"modified":"2024-09-03T23:41:50","modified_gmt":"2024-09-03T23:41:50","slug":"contacts","status":"publish","type":"page","link":"https:\/\/esh-nachhilfe.de\/?page_id=12","title":{"rendered":"Kontakte"},"content":{"rendered":"\n<div class=\"wp-block-group is-layout-constrained wp-block-group-is-layout-constrained\"><div id=\"wpgmza_map\" class=\"wpgmza_map\" data-settings='{\"id\":\"1\",\"map_title\":\"Location\",\"map_width\":100,\"map_height\":\"800\",\"map_start_lat\":\"49.3524037258363\",\"map_start_lng\":\"6.724786661217851\",\"map_start_location\":\"45.950464398418106,-109.81550500000003\",\"map_start_zoom\":\"14\",\"default_marker\":\"\",\"type\":\"0\",\"alignment\":\"4\",\"directions_enabled\":\"0\",\"styling_enabled\":\"0\",\"styling_json\":\"\",\"active\":\"0\",\"kml\":\"\",\"bicycle\":\"0\",\"traffic\":\"0\",\"dbox\":\"0\",\"dbox_width\":\"\",\"listmarkers\":\"0\",\"listmarkers_advanced\":\"0\",\"filterbycat\":\"0\",\"ugm_enabled\":\"0\",\"ugm_category_enabled\":\"0\",\"fusion\":\"\",\"map_width_type\":\"%\",\"map_height_type\":\"px\",\"mass_marker_support\":\"0\",\"ugm_access\":\"0\",\"order_markers_by\":\"0\",\"order_markers_choice\":\"0\",\"show_user_location\":\"0\",\"default_to\":\"\",\"other_settings\":{\"map_type\":1,\"sl_stroke_color\":\"\",\"sl_fill_color\":\"\",\"sl_stroke_opacity\":\"\",\"sl_fill_opacity\":\"\",\"transport_layer\":false,\"action\":\"wpgmza_save_map\",\"redirect_to\":\"\\\/wp-admin\\\/admin-post.php\",\"map_id\":\"1\",\"http_referer\":\"\\\/wp-admin\\\/admin.php?page=wp-google-maps-menu&amp;amp;action=edit&amp;amp;map_id=1\",\"wpgmza_id\":\"1\",\"wpgmza_start_location\":\"49.3524037258363,6.724786661217851\",\"wpgmza_start_zoom\":\"14\",\"store_locator_enabled\":false,\"store_locator_search_area\":\"radial\",\"wpgmza_store_locator_radius_style\":\"legacy\",\"wpgmza_store_locator_default_radius\":\"10\",\"store_locator_auto_area_max_zoom\":\"\",\"store_locator_distance\":false,\"wpgmza_store_locator_position\":false,\"store_locator_show_distance\":false,\"store_locator_category\":false,\"wpgmza_store_locator_use_their_location\":false,\"wpgmza_store_locator_bounce\":false,\"wpgmza_sl_animation\":null,\"wpgmza_store_locator_hide_before_search\":false,\"store_locator_query_string\":\"\",\"store_locator_location_placeholder\":\"\",\"store_locator_default_address\":\"\",\"store_locator_name_search\":false,\"store_locator_name_string\":\"\",\"store_locator_not_found_message\":\"\",\"wpgmza_map_align\":\"1\",\"jump_to_nearest_marker_on_initialization\":false,\"automatically_pan_to_users_location\":false,\"override_users_location_zoom_level\":false,\"override_users_location_zoom_levels\":\"\",\"show_distance_from_location\":false,\"map_max_zoom\":\"21\",\"map_min_zoom\":\"0\",\"click_open_link\":false,\"fit_maps_bounds_to_markers\":false,\"fit_maps_bounds_to_markers_after_filtering\":false,\"hide_point_of_interest\":false,\"wpgmza_zoom_on_marker_click\":false,\"wpgmza_zoom_on_marker_click_slider\":\"\",\"close_infowindow_on_map_click\":false,\"disable_lightbox_images\":false,\"use_Raw_Jpeg_Coordinates\":false,\"disable_polygon_info_windows\":false,\"enable_marker_ratings\":false,\"enable_marker_labels\":false,\"only_load_markers_within_viewport\":false,\"zoom_level_mobile_override_enabled\":false,\"zoom_level_mobile_override\":\"\",\"iw_primary_color\":\"#000000\",\"iw_accent_color\":\"#000000\",\"iw_text_color\":\"#000000\",\"wpgmza_listmarkers_by\":\"0\",\"wpgmza_marker_listing_position\":false,\"zoom_level_on_marker_listing_override\":false,\"zoom_level_on_marker_listing_click\":\"\",\"marker_listing_disable_zoom\":false,\"datatable_no_result_message\":\"\",\"remove_search_box_datables\":false,\"dataTable_pagination_style\":null,\"datatable_search_string\":\"\",\"datatable_result_start\":\"\",\"datatable_result_of\":\"\",\"datatable_result_to\":\"\",\"datatable_result_total\":\"\",\"datatable_result_show\":\"\",\"datatable_result_entries\":\"\",\"wpgmza_savemap\":\"Haritay\\u0131 Kaydet \\u00bb\"}}' data-map-id='1' Data-maps-engine='open-layers' data-shortcode-attributes='{\"id\":\"1\"}' style=\"display:block; overflow:auto; width:100%; height:800px; float:left;\"><\/div><\/div>\n\n\n\n<div style=\"height:80px\" aria-hidden=\"true\" class=\"wp-block-spacer\"><\/div>\n\n\n\n<div class=\"wp-block-columns alignwide cols-padding cols-rounded cols-bordered is-layout-flex wp-container-core-columns-is-layout-f9d03155 wp-block-columns-is-layout-flex\" style=\"margin-top:0;margin-bottom:0;padding-top:0;padding-bottom:0\">\n<div class=\"wp-block-column is-layout-flow wp-block-column-is-layout-flow\">\n<div class=\"wp-block-columns gap-0 cols-single-none is-layout-flex wp-container-core-columns-is-layout-9d6595d7 wp-block-columns-is-layout-flex\">\n<div class=\"wp-block-column is-layout-flow wp-block-column-is-layout-flow\" style=\"flex-basis:48px\">\n<div style=\"height:8px\" aria-hidden=\"true\" class=\"wp-block-spacer\"><\/div>\n\n\n\n<figure class=\"wp-block-image size-large is-resized mb-0\"><img decoding=\"async\" src=\"https:\/\/esh-nachhilfe.de\/wp-content\/themes\/exs\/assets\/img\/mail-outline.png\" alt=\"\" class=\"wp-image-501\" style=\"width:36px\"\/><\/figure>\n<\/div>\n\n\n\n<div class=\"wp-block-column is-layout-flow wp-block-column-is-layout-flow\">\n<h4 class=\"wp-block-heading mt-05 mb-0\"><strong>E-Mail<\/strong><\/h4>\n\n\n\n<p class=\"mt-1\"><a href=\"mailto:esh.nachhilfe@gmail.com\">esh.nachhilfe@gmail.com<\/a><\/p>\n\n\n\n<p><a href=\"mailto:info@esh-nachhilfe.de\">info@esh-nachhilfe.de<\/a><\/p>\n<\/div>\n<\/div>\n<\/div>\n\n\n\n<div class=\"wp-block-column is-vertically-aligned-top is-layout-flow wp-block-column-is-layout-flow\">\n<div class=\"wp-block-columns gap-0 cols-single-none is-layout-flex wp-container-core-columns-is-layout-9d6595d7 wp-block-columns-is-layout-flex\">\n<div class=\"wp-block-column is-layout-flow wp-block-column-is-layout-flow\" style=\"flex-basis:48px\">\n<div style=\"height:8px\" aria-hidden=\"true\" class=\"wp-block-spacer\"><\/div>\n\n\n\n<figure class=\"wp-block-image size-large is-resized mb-0\"><img decoding=\"async\" src=\"https:\/\/esh-nachhilfe.de\/wp-content\/themes\/exs\/assets\/img\/call-outline.png\" alt=\"\" class=\"wp-image-524\" style=\"width:36px\"\/><\/figure>\n<\/div>\n\n\n\n<div class=\"wp-block-column is-layout-flow wp-block-column-is-layout-flow\">\n<h4 class=\"wp-block-heading mt-05 mb-0\"><strong><strong>Telefonnummer<\/strong><\/strong><\/h4>\n\n\n\n<p class=\"mt-1\">+49-152-373-68-454<br><\/p>\n\n\n\n<p>.<\/p>\n<\/div>\n<\/div>\n<\/div>\n\n\n\n<div class=\"wp-block-column is-vertically-aligned-top is-layout-flow wp-block-column-is-layout-flow\">\n<div class=\"wp-block-columns gap-0 cols-single-none is-layout-flex wp-container-core-columns-is-layout-9d6595d7 wp-block-columns-is-layout-flex\">\n<div class=\"wp-block-column is-layout-flow wp-block-column-is-layout-flow\" style=\"flex-basis:48px\">\n<div style=\"height:8px\" aria-hidden=\"true\" class=\"wp-block-spacer\"><\/div>\n\n\n\n<figure class=\"wp-block-image size-large is-resized mb-0\"><img decoding=\"async\" src=\"https:\/\/esh-nachhilfe.de\/wp-content\/themes\/exs\/assets\/img\/location-outline.png\" alt=\"\" class=\"wp-image-502\" style=\"width:36px\"\/><\/figure>\n<\/div>\n\n\n\n<div class=\"wp-block-column is-layout-flow wp-block-column-is-layout-flow\">\n<h4 class=\"wp-block-heading mt-05 mb-0\"><strong><strong>Adresse<\/strong><\/strong><\/h4>\n\n\n\n<p class=\"mt-1\">Stummstra\u00dfe 2, 66763 Dillingen\/Saar<\/p>\n\n\n\n<p>.<\/p>\n<\/div>\n<\/div>\n<\/div>\n<\/div>\n\n\n\n<div class=\"wp-block-group alignwide extra-padding rounded bordered is-content-justification-center is-layout-constrained wp-container-core-group-is-layout-7767ebfb wp-block-group-is-layout-constrained\">\n<div class=\"wp-block-columns  cols-single-sm pt-3 pb-3 is-layout-flex wp-container-core-columns-is-layout-9d6595d7 wp-block-columns-is-layout-flex\">\n<div class=\"wp-block-column is-layout-flow wp-block-column-is-layout-flow\" style=\"flex-basis:46.66%\">\n<h2 class=\"wp-block-heading mt-0\"><strong>Kontaktieren Sie uns<\/strong><\/h2>\n\n\n\n<hr class=\"wp-block-separator has-alpha-channel-opacity mt-2 mb-2\"\/>\n\n\n\n<p>Wenn Sie Vorschl\u00e4ge, Kritik oder etwas mitzuteilen haben, z\u00f6gern Sie bitte nicht, uns zu kontaktieren.<\/p>\n<\/div>\n\n\n\n<div class=\"wp-block-column is-layout-flow wp-block-column-is-layout-flow\" style=\"flex-basis:33.33%\"><div class=\"wpforms-container wpforms-container-full wpforms-block wpforms-block-2471b2d3-ea1f-4a27-ad35-99f44dd488ee wpforms-render-modern\" id=\"wpforms-235\"><form id=\"wpforms-form-235\" class=\"wpforms-validate wpforms-form wpforms-ajax-form\" data-formid=\"235\" method=\"post\" enctype=\"multipart\/form-data\" action=\"\/index.php?rest_route=%2Fwp%2Fv2%2Fpages%2F12\" data-token=\"62a549348d3197696714635749a87a6f\" data-token-time=\"1775897965\"><noscript class=\"wpforms-error-noscript\">Bu formu bitirebilmek i\u00e7in taray\u0131c\u0131n\u0131zda JavaScript&#039;i etkinle\u015ftirin.<\/noscript><div id=\"wpforms-error-noscript\" style=\"display: none;\">Bu formu bitirebilmek i\u00e7in taray\u0131c\u0131n\u0131zda JavaScript&#039;i etkinle\u015ftirin.<\/div><div class=\"wpforms-field-container\"><div id=\"wpforms-235-field_1-container\" class=\"wpforms-field wpforms-field-name\" data-field-id=\"1\"><label class=\"wpforms-field-label\" for=\"wpforms-235-field_1\">Vor- und Nachname  <span class=\"wpforms-required-label\" aria-hidden=\"true\">*<\/span><\/label><input type=\"text\" id=\"wpforms-235-field_1\" class=\"wpforms-field-medium wpforms-field-required\" name=\"wpforms[fields][1]\" aria-errormessage=\"wpforms-235-field_1-error\" required><\/div>\t\t<div id=\"wpforms-235-field_4-container\"\n\t\t\tclass=\"wpforms-field wpforms-field-text\"\n\t\t\tdata-field-type=\"text\"\n\t\t\tdata-field-id=\"4\"\n\t\t\t>\n\t\t\t<label class=\"wpforms-field-label\" for=\"wpforms-235-field_4\" >Vor-  Nachname<\/label>\n\t\t\t<input type=\"text\" id=\"wpforms-235-field_4\" class=\"wpforms-field-medium\" name=\"wpforms[fields][4]\" >\n\t\t<\/div>\n\t\t<div id=\"wpforms-235-field_2-container\" class=\"wpforms-field wpforms-field-email\" data-field-id=\"2\"><label class=\"wpforms-field-label\" for=\"wpforms-235-field_2\">E-mail <span class=\"wpforms-required-label\" aria-hidden=\"true\">*<\/span><\/label><input type=\"email\" id=\"wpforms-235-field_2\" class=\"wpforms-field-medium wpforms-field-required\" name=\"wpforms[fields][2]\" spellcheck=\"false\" aria-errormessage=\"wpforms-235-field_2-error\" required><\/div><div id=\"wpforms-235-field_3-container\" class=\"wpforms-field wpforms-field-textarea\" data-field-id=\"3\"><label class=\"wpforms-field-label\" for=\"wpforms-235-field_3\">Ihre Nachricht<\/label><textarea id=\"wpforms-235-field_3\" class=\"wpforms-field-medium\" name=\"wpforms[fields][3]\" aria-errormessage=\"wpforms-235-field_3-error\" ><\/textarea><\/div><script>\n\t\t\t\t( function() {\n\t\t\t\t\tconst style = document.createElement( 'style' );\n\t\t\t\t\tstyle.appendChild( document.createTextNode( '#wpforms-235-field_4-container { position: absolute !important; overflow: hidden !important; display: inline !important; height: 1px !important; width: 1px !important; z-index: -1000 !important; padding: 0 !important; } #wpforms-235-field_4-container input { visibility: hidden; } #wpforms-conversational-form-page #wpforms-235-field_4-container label { counter-increment: none; }' ) );\n\t\t\t\t\tdocument.head.appendChild( style );\n\t\t\t\t\tdocument.currentScript?.remove();\n\t\t\t\t} )();\n\t\t\t<\/script><\/div><!-- .wpforms-field-container --><div class=\"wpforms-submit-container\" ><input type=\"hidden\" name=\"wpforms[id]\" value=\"235\"><input type=\"hidden\" name=\"page_title\" value=\"\"><input type=\"hidden\" name=\"page_url\" value=\"https:\/\/esh-nachhilfe.de\/index.php?rest_route=\/wp\/v2\/pages\/12\"><input type=\"hidden\" name=\"url_referer\" value=\"\"><button type=\"submit\" name=\"wpforms[submit]\" id=\"wpforms-submit-235\" class=\"wpforms-submit\" data-alt-text=\"Wird gesendet...\" data-submit-text=\"Senden\" aria-live=\"assertive\" value=\"wpforms-submit\">Senden<\/button><img loading=\"lazy\" decoding=\"async\" src=\"https:\/\/esh-nachhilfe.de\/wp-content\/plugins\/wpforms-lite\/assets\/images\/submit-spin.svg\" class=\"wpforms-submit-spinner\" style=\"display: none;\" width=\"26\" height=\"26\" alt=\"Y\u00fckleniyor\"><\/div><\/form><\/div>  <!-- .wpforms-container --><\/div>\n<\/div>\n<\/div>\n","protected":false},"excerpt":{"rendered":"<p>E-Mail esh.nachhilfe@gmail.com info@esh-nachhilfe.de Telefonnummer +49-152-373-68-454 . Adresse Stummstra\u00dfe 2, 66763 Dillingen\/Saar . Kontaktieren Sie uns Wenn Sie Vorschl\u00e4ge, Kritik oder<span class=\"more-dots\">&#8230;<\/span><\/p>\n","protected":false},"author":1,"featured_media":0,"parent":0,"menu_order":0,"comment_status":"closed","ping_status":"closed","template":"","meta":{"footnotes":""},"class_list":["post-12","page","type-page","status-publish","hentry","no-post-thumbnail"],"yoast_head":"<!-- This site is optimized with the Yoast SEO plugin v27.3 - https:\/\/yoast.com\/product\/yoast-seo-wordpress\/ -->\n<title>Kontakte - Esh-Nachhilfe<\/title>\n<meta name=\"robots\" content=\"index, follow, max-snippet:-1, max-image-preview:large, max-video-preview:-1\" \/>\n<link rel=\"canonical\" href=\"https:\/\/esh-nachhilfe.de\/?page_id=12\" \/>\n<meta property=\"og:locale\" content=\"tr_TR\" \/>\n<meta property=\"og:type\" content=\"article\" \/>\n<meta property=\"og:title\" content=\"Kontakte - Esh-Nachhilfe\" \/>\n<meta property=\"og:description\" content=\"E-Mail esh.nachhilfe@gmail.com info@esh-nachhilfe.de Telefonnummer +49-152-373-68-454 . Adresse Stummstra\u00dfe 2, 66763 Dillingen\/Saar . Kontaktieren Sie uns Wenn Sie Vorschl\u00e4ge, Kritik oder...\" \/>\n<meta property=\"og:url\" content=\"https:\/\/esh-nachhilfe.de\/?page_id=12\" \/>\n<meta property=\"og:site_name\" content=\"Esh-Nachhilfe\" \/>\n<meta property=\"article:modified_time\" content=\"2024-09-03T23:41:50+00:00\" \/>\n<meta property=\"og:image\" content=\"https:\/\/esh-nachhilfe.de\/wp-content\/themes\/exs\/assets\/img\/mail-outline.png\" \/>\n<meta name=\"twitter:card\" content=\"summary_large_image\" \/>\n<meta name=\"twitter:label1\" content=\"Tahmini okuma s\u00fcresi\" \/>\n\t<meta name=\"twitter:data1\" content=\"1 dakika\" \/>\n<script type=\"application\/ld+json\" class=\"yoast-schema-graph\">{\"@context\":\"https:\\\/\\\/schema.org\",\"@graph\":[{\"@type\":\"WebPage\",\"@id\":\"https:\\\/\\\/esh-nachhilfe.de\\\/?page_id=12\",\"url\":\"https:\\\/\\\/esh-nachhilfe.de\\\/?page_id=12\",\"name\":\"Kontakte - Esh-Nachhilfe\",\"isPartOf\":{\"@id\":\"https:\\\/\\\/esh-nachhilfe.de\\\/#website\"},\"primaryImageOfPage\":{\"@id\":\"https:\\\/\\\/esh-nachhilfe.de\\\/?page_id=12#primaryimage\"},\"image\":{\"@id\":\"https:\\\/\\\/esh-nachhilfe.de\\\/?page_id=12#primaryimage\"},\"thumbnailUrl\":\"https:\\\/\\\/esh-nachhilfe.de\\\/wp-content\\\/themes\\\/exs\\\/assets\\\/img\\\/mail-outline.png\",\"datePublished\":\"2024-07-21T21:10:59+00:00\",\"dateModified\":\"2024-09-03T23:41:50+00:00\",\"breadcrumb\":{\"@id\":\"https:\\\/\\\/esh-nachhilfe.de\\\/?page_id=12#breadcrumb\"},\"inLanguage\":\"tr\",\"potentialAction\":[{\"@type\":\"ReadAction\",\"target\":[\"https:\\\/\\\/esh-nachhilfe.de\\\/?page_id=12\"]}]},{\"@type\":\"ImageObject\",\"inLanguage\":\"tr\",\"@id\":\"https:\\\/\\\/esh-nachhilfe.de\\\/?page_id=12#primaryimage\",\"url\":\"\",\"contentUrl\":\"\"},{\"@type\":\"BreadcrumbList\",\"@id\":\"https:\\\/\\\/esh-nachhilfe.de\\\/?page_id=12#breadcrumb\",\"itemListElement\":[{\"@type\":\"ListItem\",\"position\":1,\"name\":\"Anasayfa\",\"item\":\"https:\\\/\\\/esh-nachhilfe.de\\\/\"},{\"@type\":\"ListItem\",\"position\":2,\"name\":\"Kontakte\"}]},{\"@type\":\"WebSite\",\"@id\":\"https:\\\/\\\/esh-nachhilfe.de\\\/#website\",\"url\":\"https:\\\/\\\/esh-nachhilfe.de\\\/\",\"name\":\"Esh-Nachhilfe\",\"description\":\"Individuelle Unterst\u00fctzung f\u00fcr Ihren Erfolg\",\"publisher\":{\"@id\":\"https:\\\/\\\/esh-nachhilfe.de\\\/#organization\"},\"potentialAction\":[{\"@type\":\"SearchAction\",\"target\":{\"@type\":\"EntryPoint\",\"urlTemplate\":\"https:\\\/\\\/esh-nachhilfe.de\\\/?s={search_term_string}\"},\"query-input\":{\"@type\":\"PropertyValueSpecification\",\"valueRequired\":true,\"valueName\":\"search_term_string\"}}],\"inLanguage\":\"tr\"},{\"@type\":\"Organization\",\"@id\":\"https:\\\/\\\/esh-nachhilfe.de\\\/#organization\",\"name\":\"Esh-Nachhilfe\",\"url\":\"https:\\\/\\\/esh-nachhilfe.de\\\/\",\"logo\":{\"@type\":\"ImageObject\",\"inLanguage\":\"tr\",\"@id\":\"https:\\\/\\\/esh-nachhilfe.de\\\/#\\\/schema\\\/logo\\\/image\\\/\",\"url\":\"https:\\\/\\\/esh-nachhilfe.de\\\/wp-content\\\/uploads\\\/2024\\\/08\\\/cropped-zalif-1-1.jpg\",\"contentUrl\":\"https:\\\/\\\/esh-nachhilfe.de\\\/wp-content\\\/uploads\\\/2024\\\/08\\\/cropped-zalif-1-1.jpg\",\"width\":589,\"height\":342,\"caption\":\"Esh-Nachhilfe\"},\"image\":{\"@id\":\"https:\\\/\\\/esh-nachhilfe.de\\\/#\\\/schema\\\/logo\\\/image\\\/\"}}]}<\/script>\n<!-- \/ Yoast SEO plugin. -->","yoast_head_json":{"title":"Kontakte - Esh-Nachhilfe","robots":{"index":"index","follow":"follow","max-snippet":"max-snippet:-1","max-image-preview":"max-image-preview:large","max-video-preview":"max-video-preview:-1"},"canonical":"https:\/\/esh-nachhilfe.de\/?page_id=12","og_locale":"tr_TR","og_type":"article","og_title":"Kontakte - Esh-Nachhilfe","og_description":"E-Mail esh.nachhilfe@gmail.com info@esh-nachhilfe.de Telefonnummer +49-152-373-68-454 . Adresse Stummstra\u00dfe 2, 66763 Dillingen\/Saar . Kontaktieren Sie uns Wenn Sie Vorschl\u00e4ge, Kritik oder...","og_url":"https:\/\/esh-nachhilfe.de\/?page_id=12","og_site_name":"Esh-Nachhilfe","article_modified_time":"2024-09-03T23:41:50+00:00","og_image":[{"url":"https:\/\/esh-nachhilfe.de\/wp-content\/themes\/exs\/assets\/img\/mail-outline.png","type":"","width":"","height":""}],"twitter_card":"summary_large_image","twitter_misc":{"Tahmini okuma s\u00fcresi":"1 dakika"},"schema":{"@context":"https:\/\/schema.org","@graph":[{"@type":"WebPage","@id":"https:\/\/esh-nachhilfe.de\/?page_id=12","url":"https:\/\/esh-nachhilfe.de\/?page_id=12","name":"Kontakte - Esh-Nachhilfe","isPartOf":{"@id":"https:\/\/esh-nachhilfe.de\/#website"},"primaryImageOfPage":{"@id":"https:\/\/esh-nachhilfe.de\/?page_id=12#primaryimage"},"image":{"@id":"https:\/\/esh-nachhilfe.de\/?page_id=12#primaryimage"},"thumbnailUrl":"https:\/\/esh-nachhilfe.de\/wp-content\/themes\/exs\/assets\/img\/mail-outline.png","datePublished":"2024-07-21T21:10:59+00:00","dateModified":"2024-09-03T23:41:50+00:00","breadcrumb":{"@id":"https:\/\/esh-nachhilfe.de\/?page_id=12#breadcrumb"},"inLanguage":"tr","potentialAction":[{"@type":"ReadAction","target":["https:\/\/esh-nachhilfe.de\/?page_id=12"]}]},{"@type":"ImageObject","inLanguage":"tr","@id":"https:\/\/esh-nachhilfe.de\/?page_id=12#primaryimage","url":"","contentUrl":""},{"@type":"BreadcrumbList","@id":"https:\/\/esh-nachhilfe.de\/?page_id=12#breadcrumb","itemListElement":[{"@type":"ListItem","position":1,"name":"Anasayfa","item":"https:\/\/esh-nachhilfe.de\/"},{"@type":"ListItem","position":2,"name":"Kontakte"}]},{"@type":"WebSite","@id":"https:\/\/esh-nachhilfe.de\/#website","url":"https:\/\/esh-nachhilfe.de\/","name":"Esh-Nachhilfe","description":"Individuelle Unterst\u00fctzung f\u00fcr Ihren Erfolg","publisher":{"@id":"https:\/\/esh-nachhilfe.de\/#organization"},"potentialAction":[{"@type":"SearchAction","target":{"@type":"EntryPoint","urlTemplate":"https:\/\/esh-nachhilfe.de\/?s={search_term_string}"},"query-input":{"@type":"PropertyValueSpecification","valueRequired":true,"valueName":"search_term_string"}}],"inLanguage":"tr"},{"@type":"Organization","@id":"https:\/\/esh-nachhilfe.de\/#organization","name":"Esh-Nachhilfe","url":"https:\/\/esh-nachhilfe.de\/","logo":{"@type":"ImageObject","inLanguage":"tr","@id":"https:\/\/esh-nachhilfe.de\/#\/schema\/logo\/image\/","url":"https:\/\/esh-nachhilfe.de\/wp-content\/uploads\/2024\/08\/cropped-zalif-1-1.jpg","contentUrl":"https:\/\/esh-nachhilfe.de\/wp-content\/uploads\/2024\/08\/cropped-zalif-1-1.jpg","width":589,"height":342,"caption":"Esh-Nachhilfe"},"image":{"@id":"https:\/\/esh-nachhilfe.de\/#\/schema\/logo\/image\/"}}]}},"_links":{"self":[{"href":"https:\/\/esh-nachhilfe.de\/index.php?rest_route=\/wp\/v2\/pages\/12","targetHints":{"allow":["GET"]}}],"collection":[{"href":"https:\/\/esh-nachhilfe.de\/index.php?rest_route=\/wp\/v2\/pages"}],"about":[{"href":"https:\/\/esh-nachhilfe.de\/index.php?rest_route=\/wp\/v2\/types\/page"}],"author":[{"embeddable":true,"href":"https:\/\/esh-nachhilfe.de\/index.php?rest_route=\/wp\/v2\/users\/1"}],"replies":[{"embeddable":true,"href":"https:\/\/esh-nachhilfe.de\/index.php?rest_route=%2Fwp%2Fv2%2Fcomments&post=12"}],"version-history":[{"count":38,"href":"https:\/\/esh-nachhilfe.de\/index.php?rest_route=\/wp\/v2\/pages\/12\/revisions"}],"predecessor-version":[{"id":259,"href":"https:\/\/esh-nachhilfe.de\/index.php?rest_route=\/wp\/v2\/pages\/12\/revisions\/259"}],"wp:attachment":[{"href":"https:\/\/esh-nachhilfe.de\/index.php?rest_route=%2Fwp%2Fv2%2Fmedia&parent=12"}],"curies":[{"name":"wp","href":"https:\/\/api.w.org\/{rel}","templated":true}]}}