{"id":11,"date":"2024-07-21T21:10:59","date_gmt":"2024-07-21T21:10:59","guid":{"rendered":"https:\/\/esh-nachhilfe.de\/?page_id=11"},"modified":"2024-09-12T20:21:40","modified_gmt":"2024-09-12T20:21:40","slug":"fachern","status":"publish","type":"page","link":"https:\/\/esh-nachhilfe.de\/?page_id=11","title":{"rendered":"F\u00e4chern"},"content":{"rendered":"\n<div class=\"wp-block-columns is-layout-flex wp-container-core-columns-is-layout-9d6595d7 wp-block-columns-is-layout-flex\">\n<div class=\"wp-block-column is-layout-flow wp-block-column-is-layout-flow\">\n<div class=\"wp-block-columns is-layout-flex wp-container-core-columns-is-layout-9d6595d7 wp-block-columns-is-layout-flex\">\n<div class=\"wp-block-column is-layout-flow wp-block-column-is-layout-flow\">\n<p><\/p>\n\n\n\n<h2 class=\"wp-block-heading\">Mathe<\/h2>\n<\/div>\n\n\n\n<div class=\"wp-block-column is-layout-flow wp-block-column-is-layout-flow\">\n<figure class=\"wp-block-image size-full is-resized\"><img loading=\"lazy\" decoding=\"async\" width=\"414\" height=\"122\" src=\"https:\/\/esh-nachhilfe.de\/wp-content\/uploads\/2024\/08\/mathe-2.jpeg\" alt=\"\" class=\"wp-image-80\" style=\"object-fit:cover;width:550px;height:200px\" srcset=\"https:\/\/esh-nachhilfe.de\/wp-content\/uploads\/2024\/08\/mathe-2.jpeg 414w, https:\/\/esh-nachhilfe.de\/wp-content\/uploads\/2024\/08\/mathe-2-300x88.jpeg 300w\" sizes=\"auto, (max-width: 414px) 100vw, 414px\" \/><\/figure>\n<\/div>\n<\/div>\n<\/div>\n\n\n\n<div class=\"wp-block-column is-layout-flow wp-block-column-is-layout-flow\"><\/div>\n<\/div>\n\n\n\n<hr class=\"wp-block-separator has-alpha-channel-opacity is-style-wide\"\/>\n\n\n\n<p><\/p>\n\n\n\n<div class=\"wp-block-columns is-layout-flex wp-container-core-columns-is-layout-9d6595d7 wp-block-columns-is-layout-flex\">\n<div class=\"wp-block-column is-layout-flow wp-block-column-is-layout-flow\">\n<div class=\"wp-block-columns is-layout-flex wp-container-core-columns-is-layout-9d6595d7 wp-block-columns-is-layout-flex\">\n<div class=\"wp-block-column is-layout-flow wp-block-column-is-layout-flow\">\n<p><\/p>\n\n\n\n<h2 class=\"wp-block-heading\">Deutsch<\/h2>\n<\/div>\n\n\n\n<div class=\"wp-block-column is-layout-flow wp-block-column-is-layout-flow\">\n<figure class=\"wp-block-image size-full is-resized\"><img loading=\"lazy\" decoding=\"async\" width=\"550\" height=\"200\" src=\"https:\/\/esh-nachhilfe.de\/wp-content\/uploads\/2024\/08\/Deutsch.jpg\" alt=\"\" class=\"wp-image-187\" style=\"object-fit:cover;width:550px;height:200px\" srcset=\"https:\/\/esh-nachhilfe.de\/wp-content\/uploads\/2024\/08\/Deutsch.jpg 550w, https:\/\/esh-nachhilfe.de\/wp-content\/uploads\/2024\/08\/Deutsch-300x109.jpg 300w\" sizes=\"auto, (max-width: 550px) 100vw, 550px\" \/><\/figure>\n<\/div>\n<\/div>\n<\/div>\n\n\n\n<div class=\"wp-block-column is-layout-flow wp-block-column-is-layout-flow\"><\/div>\n<\/div>\n\n\n\n<hr class=\"wp-block-separator has-alpha-channel-opacity is-style-wide\"\/>\n\n\n\n<p><\/p>\n\n\n\n<div class=\"wp-block-columns is-layout-flex wp-container-core-columns-is-layout-9d6595d7 wp-block-columns-is-layout-flex\">\n<div class=\"wp-block-column is-layout-flow wp-block-column-is-layout-flow\">\n<div class=\"wp-block-columns is-layout-flex wp-container-core-columns-is-layout-9d6595d7 wp-block-columns-is-layout-flex\">\n<div class=\"wp-block-column is-layout-flow wp-block-column-is-layout-flow\">\n<p><\/p>\n\n\n\n<h2 class=\"wp-block-heading\">T\u00fcrkisch<\/h2>\n<\/div>\n\n\n\n<div class=\"wp-block-column is-layout-flow wp-block-column-is-layout-flow\">\n<figure class=\"wp-block-image size-full is-resized\"><img loading=\"lazy\" decoding=\"async\" width=\"612\" height=\"372\" src=\"https:\/\/esh-nachhilfe.de\/wp-content\/uploads\/2024\/09\/Turkish.jpg\" alt=\"\" class=\"wp-image-265\" style=\"object-fit:cover;width:550px;height:200px\" srcset=\"https:\/\/esh-nachhilfe.de\/wp-content\/uploads\/2024\/09\/Turkish.jpg 612w, https:\/\/esh-nachhilfe.de\/wp-content\/uploads\/2024\/09\/Turkish-300x182.jpg 300w\" sizes=\"auto, (max-width: 612px) 100vw, 612px\" \/><\/figure>\n<\/div>\n<\/div>\n<\/div>\n\n\n\n<div class=\"wp-block-column is-layout-flow wp-block-column-is-layout-flow\"><\/div>\n<\/div>\n\n\n\n<hr class=\"wp-block-separator has-alpha-channel-opacity is-style-wide\"\/>\n\n\n\n<p><\/p>\n\n\n\n<div class=\"wp-block-columns is-layout-flex wp-container-core-columns-is-layout-9d6595d7 wp-block-columns-is-layout-flex\">\n<div class=\"wp-block-column is-layout-flow wp-block-column-is-layout-flow\">\n<div class=\"wp-block-columns is-layout-flex wp-container-core-columns-is-layout-9d6595d7 wp-block-columns-is-layout-flex\">\n<div class=\"wp-block-column is-layout-flow wp-block-column-is-layout-flow\">\n<p><\/p>\n\n\n\n<h2 class=\"wp-block-heading\">Englisch<\/h2>\n<\/div>\n\n\n\n<div class=\"wp-block-column is-layout-flow wp-block-column-is-layout-flow\">\n<figure class=\"wp-block-image size-full is-resized\"><img loading=\"lazy\" decoding=\"async\" width=\"1023\" height=\"544\" src=\"https:\/\/esh-nachhilfe.de\/wp-content\/uploads\/2024\/08\/English.jpg\" alt=\"\" class=\"wp-image-82\" style=\"object-fit:cover;width:550px;height:200px\" srcset=\"https:\/\/esh-nachhilfe.de\/wp-content\/uploads\/2024\/08\/English.jpg 1023w, https:\/\/esh-nachhilfe.de\/wp-content\/uploads\/2024\/08\/English-300x160.jpg 300w, https:\/\/esh-nachhilfe.de\/wp-content\/uploads\/2024\/08\/English-768x408.jpg 768w\" sizes=\"auto, (max-width: 1023px) 100vw, 1023px\" \/><\/figure>\n<\/div>\n<\/div>\n<\/div>\n\n\n\n<div class=\"wp-block-column is-layout-flow wp-block-column-is-layout-flow\"><\/div>\n<\/div>\n\n\n\n<hr class=\"wp-block-separator has-alpha-channel-opacity is-style-wide\"\/>\n\n\n\n<p><\/p>\n\n\n\n<div class=\"wp-block-columns is-layout-flex wp-container-core-columns-is-layout-9d6595d7 wp-block-columns-is-layout-flex\">\n<div class=\"wp-block-column is-layout-flow wp-block-column-is-layout-flow\">\n<div class=\"wp-block-columns is-layout-flex wp-container-core-columns-is-layout-9d6595d7 wp-block-columns-is-layout-flex\">\n<div class=\"wp-block-column is-layout-flow wp-block-column-is-layout-flow\">\n<p><\/p>\n\n\n\n<h2 class=\"wp-block-heading\">Franz\u00f6sisch<\/h2>\n<\/div>\n\n\n\n<div class=\"wp-block-column is-layout-flow wp-block-column-is-layout-flow\">\n<figure class=\"wp-block-image size-full is-resized\"><img loading=\"lazy\" decoding=\"async\" width=\"2880\" height=\"1920\" src=\"https:\/\/esh-nachhilfe.de\/wp-content\/uploads\/2024\/08\/France.png\" alt=\"\" class=\"wp-image-85\" style=\"object-fit:cover;width:550px;height:200px\" srcset=\"https:\/\/esh-nachhilfe.de\/wp-content\/uploads\/2024\/08\/France.png 2880w, https:\/\/esh-nachhilfe.de\/wp-content\/uploads\/2024\/08\/France-300x200.png 300w, https:\/\/esh-nachhilfe.de\/wp-content\/uploads\/2024\/08\/France-1024x683.png 1024w, https:\/\/esh-nachhilfe.de\/wp-content\/uploads\/2024\/08\/France-768x512.png 768w, https:\/\/esh-nachhilfe.de\/wp-content\/uploads\/2024\/08\/France-1536x1024.png 1536w, https:\/\/esh-nachhilfe.de\/wp-content\/uploads\/2024\/08\/France-2048x1365.png 2048w, https:\/\/esh-nachhilfe.de\/wp-content\/uploads\/2024\/08\/France-1140x760.png 1140w\" sizes=\"auto, (max-width: 2880px) 100vw, 2880px\" \/><\/figure>\n<\/div>\n<\/div>\n<\/div>\n\n\n\n<div class=\"wp-block-column is-layout-flow wp-block-column-is-layout-flow\"><\/div>\n<\/div>\n\n\n\n<hr class=\"wp-block-separator has-alpha-channel-opacity is-style-wide\"\/>\n\n\n\n<p><\/p>\n\n\n\n<div class=\"wp-block-columns is-layout-flex wp-container-core-columns-is-layout-9d6595d7 wp-block-columns-is-layout-flex\">\n<div class=\"wp-block-column is-layout-flow wp-block-column-is-layout-flow\">\n<div class=\"wp-block-columns is-layout-flex wp-container-core-columns-is-layout-9d6595d7 wp-block-columns-is-layout-flex\">\n<div class=\"wp-block-column is-layout-flow wp-block-column-is-layout-flow\">\n<p><\/p>\n\n\n\n<h2 class=\"wp-block-heading\">Physik<\/h2>\n<\/div>\n\n\n\n<div class=\"wp-block-column is-layout-flow wp-block-column-is-layout-flow\">\n<figure class=\"wp-block-image size-full is-resized\"><img loading=\"lazy\" decoding=\"async\" width=\"573\" height=\"404\" src=\"https:\/\/esh-nachhilfe.de\/wp-content\/uploads\/2024\/08\/Korperlich.png\" alt=\"\" class=\"wp-image-183\" style=\"object-fit:cover;width:550px;height:200px\" srcset=\"https:\/\/esh-nachhilfe.de\/wp-content\/uploads\/2024\/08\/Korperlich.png 573w, https:\/\/esh-nachhilfe.de\/wp-content\/uploads\/2024\/08\/Korperlich-300x212.png 300w\" sizes=\"auto, (max-width: 573px) 100vw, 573px\" \/><\/figure>\n<\/div>\n<\/div>\n<\/div>\n\n\n\n<div class=\"wp-block-column is-layout-flow wp-block-column-is-layout-flow\"><\/div>\n<\/div>\n\n\n\n<hr class=\"wp-block-separator has-alpha-channel-opacity is-style-wide\"\/>\n\n\n\n<p><\/p>\n\n\n\n<div class=\"wp-block-columns is-layout-flex wp-container-core-columns-is-layout-9d6595d7 wp-block-columns-is-layout-flex\">\n<div class=\"wp-block-column is-layout-flow wp-block-column-is-layout-flow\">\n<div class=\"wp-block-columns is-layout-flex wp-container-core-columns-is-layout-9d6595d7 wp-block-columns-is-layout-flex\">\n<div class=\"wp-block-column is-layout-flow wp-block-column-is-layout-flow\">\n<p><\/p>\n\n\n\n<h2 class=\"wp-block-heading\">Chemie<\/h2>\n<\/div>\n\n\n\n<div class=\"wp-block-column is-layout-flow wp-block-column-is-layout-flow\">\n<figure class=\"wp-block-image size-full is-resized\"><img loading=\"lazy\" decoding=\"async\" width=\"550\" height=\"250\" src=\"https:\/\/esh-nachhilfe.de\/wp-content\/uploads\/2024\/08\/Chemisch-1.jpeg\" alt=\"\" class=\"wp-image-94\" style=\"object-fit:cover;width:550px;height:200px\" srcset=\"https:\/\/esh-nachhilfe.de\/wp-content\/uploads\/2024\/08\/Chemisch-1.jpeg 550w, https:\/\/esh-nachhilfe.de\/wp-content\/uploads\/2024\/08\/Chemisch-1-300x136.jpeg 300w\" sizes=\"auto, (max-width: 550px) 100vw, 550px\" \/><\/figure>\n<\/div>\n<\/div>\n<\/div>\n\n\n\n<div class=\"wp-block-column is-layout-flow wp-block-column-is-layout-flow\"><\/div>\n<\/div>\n\n\n\n<hr class=\"wp-block-separator has-alpha-channel-opacity is-style-wide\"\/>\n\n\n\n<p><\/p>\n\n\n\n<div class=\"wp-block-columns is-layout-flex wp-container-core-columns-is-layout-9d6595d7 wp-block-columns-is-layout-flex\">\n<div class=\"wp-block-column is-layout-flow wp-block-column-is-layout-flow\">\n<div class=\"wp-block-columns is-layout-flex wp-container-core-columns-is-layout-9d6595d7 wp-block-columns-is-layout-flex\">\n<div class=\"wp-block-column is-layout-flow wp-block-column-is-layout-flow\">\n<p><\/p>\n\n\n\n<h2 class=\"wp-block-heading\">Erdkunde<\/h2>\n<\/div>\n\n\n\n<div class=\"wp-block-column is-layout-flow wp-block-column-is-layout-flow\">\n<figure class=\"wp-block-image size-full is-resized\"><img loading=\"lazy\" decoding=\"async\" width=\"550\" height=\"250\" src=\"https:\/\/esh-nachhilfe.de\/wp-content\/uploads\/2024\/08\/Erdkunde.jpeg\" alt=\"\" class=\"wp-image-95\" style=\"object-fit:cover;width:550px;height:200px\" srcset=\"https:\/\/esh-nachhilfe.de\/wp-content\/uploads\/2024\/08\/Erdkunde.jpeg 550w, https:\/\/esh-nachhilfe.de\/wp-content\/uploads\/2024\/08\/Erdkunde-300x136.jpeg 300w\" sizes=\"auto, (max-width: 550px) 100vw, 550px\" \/><\/figure>\n<\/div>\n<\/div>\n<\/div>\n\n\n\n<div class=\"wp-block-column is-layout-flow wp-block-column-is-layout-flow\"><\/div>\n<\/div>\n\n\n\n<hr class=\"wp-block-separator has-alpha-channel-opacity is-style-wide\"\/>\n\n\n\n<p><\/p>\n\n\n\n<div class=\"wp-block-columns is-layout-flex wp-container-core-columns-is-layout-9d6595d7 wp-block-columns-is-layout-flex\">\n<div class=\"wp-block-column is-layout-flow wp-block-column-is-layout-flow\">\n<div class=\"wp-block-columns is-layout-flex wp-container-core-columns-is-layout-9d6595d7 wp-block-columns-is-layout-flex\">\n<div class=\"wp-block-column is-layout-flow wp-block-column-is-layout-flow\">\n<p><\/p>\n\n\n\n<h2 class=\"wp-block-heading\">Geschichte<\/h2>\n<\/div>\n\n\n\n<div class=\"wp-block-column is-layout-flow wp-block-column-is-layout-flow\">\n<figure class=\"wp-block-image size-full is-resized\"><img loading=\"lazy\" decoding=\"async\" width=\"550\" height=\"250\" src=\"https:\/\/esh-nachhilfe.de\/wp-content\/uploads\/2024\/08\/Geschichte.jpg\" alt=\"\" class=\"wp-image-96\" style=\"object-fit:cover;width:550px;height:200px\" srcset=\"https:\/\/esh-nachhilfe.de\/wp-content\/uploads\/2024\/08\/Geschichte.jpg 550w, https:\/\/esh-nachhilfe.de\/wp-content\/uploads\/2024\/08\/Geschichte-300x136.jpg 300w\" sizes=\"auto, (max-width: 550px) 100vw, 550px\" \/><\/figure>\n<\/div>\n<\/div>\n<\/div>\n\n\n\n<div class=\"wp-block-column is-layout-flow wp-block-column-is-layout-flow\"><\/div>\n<\/div>\n\n\n\n<hr class=\"wp-block-separator has-alpha-channel-opacity is-style-wide\"\/>\n\n\n\n<p><\/p>\n\n\n\n<div class=\"wp-block-columns is-layout-flex wp-container-core-columns-is-layout-9d6595d7 wp-block-columns-is-layout-flex\">\n<div class=\"wp-block-column is-layout-flow wp-block-column-is-layout-flow\">\n<div class=\"wp-block-columns is-layout-flex wp-container-core-columns-is-layout-9d6595d7 wp-block-columns-is-layout-flex\">\n<div class=\"wp-block-column is-layout-flow wp-block-column-is-layout-flow\">\n<p><\/p>\n\n\n\n<h2 class=\"wp-block-heading\">Ethik<\/h2>\n<\/div>\n\n\n\n<div class=\"wp-block-column is-layout-flow wp-block-column-is-layout-flow\">\n<figure class=\"wp-block-image size-full is-resized\"><img loading=\"lazy\" decoding=\"async\" width=\"550\" height=\"350\" src=\"https:\/\/esh-nachhilfe.de\/wp-content\/uploads\/2024\/08\/Ethik.jpg\" alt=\"\" class=\"wp-image-97\" style=\"object-fit:cover;width:550px;height:200px\" srcset=\"https:\/\/esh-nachhilfe.de\/wp-content\/uploads\/2024\/08\/Ethik.jpg 550w, https:\/\/esh-nachhilfe.de\/wp-content\/uploads\/2024\/08\/Ethik-300x191.jpg 300w\" sizes=\"auto, (max-width: 550px) 100vw, 550px\" \/><\/figure>\n<\/div>\n<\/div>\n<\/div>\n\n\n\n<div class=\"wp-block-column is-layout-flow wp-block-column-is-layout-flow\"><\/div>\n<\/div>\n\n\n\n<hr class=\"wp-block-separator has-alpha-channel-opacity is-style-wide\"\/>\n\n\n\n<p><\/p>\n\n\n\n<p><\/p>\n","protected":false},"excerpt":{"rendered":"<p>Mathe Deutsch T\u00fcrkisch Englisch Franz\u00f6sisch Physik Chemie Erdkunde Geschichte Ethik<\/p>\n","protected":false},"author":1,"featured_media":0,"parent":0,"menu_order":0,"comment_status":"closed","ping_status":"closed","template":"","meta":{"footnotes":""},"class_list":["post-11","page","type-page","status-publish","hentry","no-post-thumbnail"],"yoast_head":"<!-- This site is optimized with the Yoast SEO plugin v27.3 - https:\/\/yoast.com\/product\/yoast-seo-wordpress\/ -->\n<title>F\u00e4chern - Esh-Nachhilfe<\/title>\n<meta name=\"robots\" content=\"index, follow, max-snippet:-1, max-image-preview:large, max-video-preview:-1\" \/>\n<link rel=\"canonical\" href=\"https:\/\/esh-nachhilfe.de\/?page_id=11\" \/>\n<meta property=\"og:locale\" content=\"tr_TR\" \/>\n<meta property=\"og:type\" content=\"article\" \/>\n<meta property=\"og:title\" content=\"F\u00e4chern - Esh-Nachhilfe\" \/>\n<meta property=\"og:description\" content=\"Mathe Deutsch T\u00fcrkisch Englisch Franz\u00f6sisch Physik Chemie Erdkunde Geschichte Ethik\" \/>\n<meta property=\"og:url\" content=\"https:\/\/esh-nachhilfe.de\/?page_id=11\" \/>\n<meta property=\"og:site_name\" content=\"Esh-Nachhilfe\" \/>\n<meta property=\"article:modified_time\" content=\"2024-09-12T20:21:40+00:00\" \/>\n<meta property=\"og:image\" content=\"https:\/\/esh-nachhilfe.de\/wp-content\/uploads\/2024\/08\/mathe-2.jpeg\" \/>\n<meta name=\"twitter:card\" content=\"summary_large_image\" \/>\n<meta name=\"twitter:label1\" content=\"Tahmini okuma s\u00fcresi\" \/>\n\t<meta name=\"twitter:data1\" content=\"3 dakika\" \/>\n<script type=\"application\/ld+json\" class=\"yoast-schema-graph\">{\"@context\":\"https:\\\/\\\/schema.org\",\"@graph\":[{\"@type\":\"WebPage\",\"@id\":\"https:\\\/\\\/esh-nachhilfe.de\\\/?page_id=11\",\"url\":\"https:\\\/\\\/esh-nachhilfe.de\\\/?page_id=11\",\"name\":\"F\u00e4chern - Esh-Nachhilfe\",\"isPartOf\":{\"@id\":\"https:\\\/\\\/esh-nachhilfe.de\\\/#website\"},\"primaryImageOfPage\":{\"@id\":\"https:\\\/\\\/esh-nachhilfe.de\\\/?page_id=11#primaryimage\"},\"image\":{\"@id\":\"https:\\\/\\\/esh-nachhilfe.de\\\/?page_id=11#primaryimage\"},\"thumbnailUrl\":\"https:\\\/\\\/esh-nachhilfe.de\\\/wp-content\\\/uploads\\\/2024\\\/08\\\/mathe-2.jpeg\",\"datePublished\":\"2024-07-21T21:10:59+00:00\",\"dateModified\":\"2024-09-12T20:21:40+00:00\",\"breadcrumb\":{\"@id\":\"https:\\\/\\\/esh-nachhilfe.de\\\/?page_id=11#breadcrumb\"},\"inLanguage\":\"tr\",\"potentialAction\":[{\"@type\":\"ReadAction\",\"target\":[\"https:\\\/\\\/esh-nachhilfe.de\\\/?page_id=11\"]}]},{\"@type\":\"ImageObject\",\"inLanguage\":\"tr\",\"@id\":\"https:\\\/\\\/esh-nachhilfe.de\\\/?page_id=11#primaryimage\",\"url\":\"https:\\\/\\\/esh-nachhilfe.de\\\/wp-content\\\/uploads\\\/2024\\\/08\\\/mathe-2.jpeg\",\"contentUrl\":\"https:\\\/\\\/esh-nachhilfe.de\\\/wp-content\\\/uploads\\\/2024\\\/08\\\/mathe-2.jpeg\",\"width\":414,\"height\":122},{\"@type\":\"BreadcrumbList\",\"@id\":\"https:\\\/\\\/esh-nachhilfe.de\\\/?page_id=11#breadcrumb\",\"itemListElement\":[{\"@type\":\"ListItem\",\"position\":1,\"name\":\"Anasayfa\",\"item\":\"https:\\\/\\\/esh-nachhilfe.de\\\/\"},{\"@type\":\"ListItem\",\"position\":2,\"name\":\"F\u00e4chern\"}]},{\"@type\":\"WebSite\",\"@id\":\"https:\\\/\\\/esh-nachhilfe.de\\\/#website\",\"url\":\"https:\\\/\\\/esh-nachhilfe.de\\\/\",\"name\":\"Esh-Nachhilfe\",\"description\":\"Individuelle Unterst\u00fctzung f\u00fcr Ihren Erfolg\",\"publisher\":{\"@id\":\"https:\\\/\\\/esh-nachhilfe.de\\\/#organization\"},\"potentialAction\":[{\"@type\":\"SearchAction\",\"target\":{\"@type\":\"EntryPoint\",\"urlTemplate\":\"https:\\\/\\\/esh-nachhilfe.de\\\/?s={search_term_string}\"},\"query-input\":{\"@type\":\"PropertyValueSpecification\",\"valueRequired\":true,\"valueName\":\"search_term_string\"}}],\"inLanguage\":\"tr\"},{\"@type\":\"Organization\",\"@id\":\"https:\\\/\\\/esh-nachhilfe.de\\\/#organization\",\"name\":\"Esh-Nachhilfe\",\"url\":\"https:\\\/\\\/esh-nachhilfe.de\\\/\",\"logo\":{\"@type\":\"ImageObject\",\"inLanguage\":\"tr\",\"@id\":\"https:\\\/\\\/esh-nachhilfe.de\\\/#\\\/schema\\\/logo\\\/image\\\/\",\"url\":\"https:\\\/\\\/esh-nachhilfe.de\\\/wp-content\\\/uploads\\\/2024\\\/08\\\/cropped-zalif-1-1.jpg\",\"contentUrl\":\"https:\\\/\\\/esh-nachhilfe.de\\\/wp-content\\\/uploads\\\/2024\\\/08\\\/cropped-zalif-1-1.jpg\",\"width\":589,\"height\":342,\"caption\":\"Esh-Nachhilfe\"},\"image\":{\"@id\":\"https:\\\/\\\/esh-nachhilfe.de\\\/#\\\/schema\\\/logo\\\/image\\\/\"}}]}<\/script>\n<!-- \/ Yoast SEO plugin. -->","yoast_head_json":{"title":"F\u00e4chern - Esh-Nachhilfe","robots":{"index":"index","follow":"follow","max-snippet":"max-snippet:-1","max-image-preview":"max-image-preview:large","max-video-preview":"max-video-preview:-1"},"canonical":"https:\/\/esh-nachhilfe.de\/?page_id=11","og_locale":"tr_TR","og_type":"article","og_title":"F\u00e4chern - Esh-Nachhilfe","og_description":"Mathe Deutsch T\u00fcrkisch Englisch Franz\u00f6sisch Physik Chemie Erdkunde Geschichte Ethik","og_url":"https:\/\/esh-nachhilfe.de\/?page_id=11","og_site_name":"Esh-Nachhilfe","article_modified_time":"2024-09-12T20:21:40+00:00","og_image":[{"url":"https:\/\/esh-nachhilfe.de\/wp-content\/uploads\/2024\/08\/mathe-2.jpeg","type":"","width":"","height":""}],"twitter_card":"summary_large_image","twitter_misc":{"Tahmini okuma s\u00fcresi":"3 dakika"},"schema":{"@context":"https:\/\/schema.org","@graph":[{"@type":"WebPage","@id":"https:\/\/esh-nachhilfe.de\/?page_id=11","url":"https:\/\/esh-nachhilfe.de\/?page_id=11","name":"F\u00e4chern - Esh-Nachhilfe","isPartOf":{"@id":"https:\/\/esh-nachhilfe.de\/#website"},"primaryImageOfPage":{"@id":"https:\/\/esh-nachhilfe.de\/?page_id=11#primaryimage"},"image":{"@id":"https:\/\/esh-nachhilfe.de\/?page_id=11#primaryimage"},"thumbnailUrl":"https:\/\/esh-nachhilfe.de\/wp-content\/uploads\/2024\/08\/mathe-2.jpeg","datePublished":"2024-07-21T21:10:59+00:00","dateModified":"2024-09-12T20:21:40+00:00","breadcrumb":{"@id":"https:\/\/esh-nachhilfe.de\/?page_id=11#breadcrumb"},"inLanguage":"tr","potentialAction":[{"@type":"ReadAction","target":["https:\/\/esh-nachhilfe.de\/?page_id=11"]}]},{"@type":"ImageObject","inLanguage":"tr","@id":"https:\/\/esh-nachhilfe.de\/?page_id=11#primaryimage","url":"https:\/\/esh-nachhilfe.de\/wp-content\/uploads\/2024\/08\/mathe-2.jpeg","contentUrl":"https:\/\/esh-nachhilfe.de\/wp-content\/uploads\/2024\/08\/mathe-2.jpeg","width":414,"height":122},{"@type":"BreadcrumbList","@id":"https:\/\/esh-nachhilfe.de\/?page_id=11#breadcrumb","itemListElement":[{"@type":"ListItem","position":1,"name":"Anasayfa","item":"https:\/\/esh-nachhilfe.de\/"},{"@type":"ListItem","position":2,"name":"F\u00e4chern"}]},{"@type":"WebSite","@id":"https:\/\/esh-nachhilfe.de\/#website","url":"https:\/\/esh-nachhilfe.de\/","name":"Esh-Nachhilfe","description":"Individuelle Unterst\u00fctzung f\u00fcr Ihren Erfolg","publisher":{"@id":"https:\/\/esh-nachhilfe.de\/#organization"},"potentialAction":[{"@type":"SearchAction","target":{"@type":"EntryPoint","urlTemplate":"https:\/\/esh-nachhilfe.de\/?s={search_term_string}"},"query-input":{"@type":"PropertyValueSpecification","valueRequired":true,"valueName":"search_term_string"}}],"inLanguage":"tr"},{"@type":"Organization","@id":"https:\/\/esh-nachhilfe.de\/#organization","name":"Esh-Nachhilfe","url":"https:\/\/esh-nachhilfe.de\/","logo":{"@type":"ImageObject","inLanguage":"tr","@id":"https:\/\/esh-nachhilfe.de\/#\/schema\/logo\/image\/","url":"https:\/\/esh-nachhilfe.de\/wp-content\/uploads\/2024\/08\/cropped-zalif-1-1.jpg","contentUrl":"https:\/\/esh-nachhilfe.de\/wp-content\/uploads\/2024\/08\/cropped-zalif-1-1.jpg","width":589,"height":342,"caption":"Esh-Nachhilfe"},"image":{"@id":"https:\/\/esh-nachhilfe.de\/#\/schema\/logo\/image\/"}}]}},"_links":{"self":[{"href":"https:\/\/esh-nachhilfe.de\/index.php?rest_route=\/wp\/v2\/pages\/11","targetHints":{"allow":["GET"]}}],"collection":[{"href":"https:\/\/esh-nachhilfe.de\/index.php?rest_route=\/wp\/v2\/pages"}],"about":[{"href":"https:\/\/esh-nachhilfe.de\/index.php?rest_route=\/wp\/v2\/types\/page"}],"author":[{"embeddable":true,"href":"https:\/\/esh-nachhilfe.de\/index.php?rest_route=\/wp\/v2\/users\/1"}],"replies":[{"embeddable":true,"href":"https:\/\/esh-nachhilfe.de\/index.php?rest_route=%2Fwp%2Fv2%2Fcomments&post=11"}],"version-history":[{"count":16,"href":"https:\/\/esh-nachhilfe.de\/index.php?rest_route=\/wp\/v2\/pages\/11\/revisions"}],"predecessor-version":[{"id":268,"href":"https:\/\/esh-nachhilfe.de\/index.php?rest_route=\/wp\/v2\/pages\/11\/revisions\/268"}],"wp:attachment":[{"href":"https:\/\/esh-nachhilfe.de\/index.php?rest_route=%2Fwp%2Fv2%2Fmedia&parent=11"}],"curies":[{"name":"wp","href":"https:\/\/api.w.org\/{rel}","templated":true}]}}